{"id":579,"date":"2024-08-19T17:00:07","date_gmt":"2024-08-19T08:00:07","guid":{"rendered":"https:\/\/staryj255.mycafe24.com\/?page_id=579"},"modified":"2024-08-29T11:15:42","modified_gmt":"2024-08-29T02:15:42","slug":"manual-esp","status":"publish","type":"page","link":"https:\/\/staryj255.mycafe24.com\/?page_id=579&lang=es","title":{"rendered":"Manual &#8211; ESP"},"content":{"rendered":"\t\t<div data-elementor-type=\"wp-page\" data-elementor-id=\"579\" class=\"elementor elementor-579\">\n\t\t\t\t\t\t\t\t\t<section class=\"elementor-section elementor-top-section elementor-element elementor-element-3ab350b elementor-section-boxed elementor-section-height-default elementor-section-height-default\" data-id=\"3ab350b\" data-element_type=\"section\">\n\t\t\t\t\t\t<div class=\"elementor-container elementor-column-gap-default\">\n\t\t\t\t\t<div class=\"elementor-column elementor-col-100 elementor-top-column elementor-element elementor-element-4aa8aee\" data-id=\"4aa8aee\" data-element_type=\"column\">\n\t\t\t<div class=\"elementor-widget-wrap elementor-element-populated\">\n\t\t\t\t\t\t\t\t<div class=\"elementor-element elementor-element-a91ec6f elementor-widget elementor-widget-text-editor\" data-id=\"a91ec6f\" data-element_type=\"widget\" data-widget_type=\"text-editor.default\">\n\t\t\t\t<div class=\"elementor-widget-container\">\n\t\t\t<style>\/*! elementor - v3.13.3 - 28-05-2023 *\/\n.elementor-widget-text-editor.elementor-drop-cap-view-stacked .elementor-drop-cap{background-color:#69727d;color:#fff}.elementor-widget-text-editor.elementor-drop-cap-view-framed .elementor-drop-cap{color:#69727d;border:3px solid;background-color:transparent}.elementor-widget-text-editor:not(.elementor-drop-cap-view-default) .elementor-drop-cap{margin-top:8px}.elementor-widget-text-editor:not(.elementor-drop-cap-view-default) .elementor-drop-cap-letter{width:1em;height:1em}.elementor-widget-text-editor .elementor-drop-cap{float:left;text-align:center;line-height:1;font-size:50px}.elementor-widget-text-editor .elementor-drop-cap-letter{display:inline-block}<\/style>\t\t\t\t<p><strong>\u00a0<\/strong><\/p><h1><strong>BELLMINI\u2122<\/strong><\/h1><h1><strong>MANUAL DE INSTRUCCIONES<\/strong><\/h1><p><img loading=\"lazy\" decoding=\"async\" class=\"wp-image-6875 size-full alignnone\" src=\"https:\/\/gdi-solution.com\/wp-content\/uploads\/2024\/01\/simple_CI-removebg-preview.png\" alt=\"\" width=\"594\" height=\"420\" \/><\/p><p><strong>Contenidos de manual de instrucciones<\/strong><\/p><ol><li><strong>Advertencia\/Precauci\u00f3n\/Desecho (Lea antes de uar el producto)<\/strong><\/li><li><strong>Descripci\u00f3n general del producto<\/strong><\/li><li><strong>Lista de componentes del paquete<\/strong><\/li><li><strong>Apariencia del dispositivo<\/strong><\/li><li><strong>Vista general de la pantalla LCD<\/strong><\/li><li><strong>BELLMINI\u2122 ENCENDIDO\/APAGADO<\/strong><\/li><li><strong>Funciones de los botones<\/strong><\/li><li><strong>Bater\u00eda<\/strong><\/li><li><strong>Calibraci\u00f3n a cero\/Prueba Funcional\/Calibraci\u00f3n de rango<\/strong><\/li><li><strong>Conexi\u00f3n de la aplicaci\u00f3n BELLCONNECT\u2122 (NFC\/Bluetooth)<\/strong><\/li><li><strong>Puntos de ajuste de alarma<\/strong><\/li><li><strong>Especificaciones de BELLMINI\u2122<\/strong><\/li><li><strong>Garant\u00eda<\/strong><\/li><li><strong>Certificaciones<\/strong><\/li><li><strong>Contactos<\/strong><\/li><\/ol><p><strong>\u00a0<\/strong><\/p><ol><li><span style=\"color: #ff0000;\"><strong>Advertencia\/Precauci\u00f3n\/Desecho (Lea antes de usarlo)<\/strong><\/span><\/li><\/ol><div><b>\u00a0<\/b><\/div><p><strong>\u00a0 <span style=\"color: #ff0000;\">\u25c6 Advertencia<\/span><\/strong><\/p><ul><li>No cambie ni reemplace componentes porque esto puede da\u00f1ar la estructura intr\u00ednsecamente segura y anular la garant\u00eda, incluso si el per\u00edodo de garant\u00eda permanece.<\/li><li>Antes de usar el producto, se recomienda probar peri\u00f3dicamente la respuesta del sensor con el gas que exceda el nivel de alarma.<\/li><li>Verifique peri\u00f3dicamente el funcionamiento del detector, la duraci\u00f3n de la bater\u00eda, los LED, los zumbadores y las vibraciones para asegurarse de que funcionen correctamente y realice el mantenimiento necesario.<\/li><li>El detector debe utilizarse dentro de los rangos de temperatura y humedad especificados. Los entornos fuera de este rango pueden causar un mal funcionamiento o falla del dispositivo. Tenga cuidado de no utilizar en entornos extremos.<\/li><li>El valor de medici\u00f3n de la concentraci\u00f3n de gas del sensor utilizado en el dispositivo puede variar seg\u00fan entorno operative (temperatura, presi\u00f3n, humedad). Por lo tanto, al calibrar el dispositivo, realice la calibraci\u00f3n en un entorno que sea igual o similar al entorno operativo del dispositivo (temperatura, presi\u00f3n, humedad).<\/li><li>Si se produce un cambio r\u00e1pido de temperatura cuando se usa el dispositivo (por ejemplo, cuando se usa en un lugar donde la diferencia de temperatura entre interior y exterior es grande), el valor de concentraci\u00f3n de gas medido puede cambiar repentinamente, as\u00ed que \u00faselo despu\u00e9s del valor de concentraci\u00f3n de gas es estable.<\/li><li>Si el dispositivo est\u00e1 sujeto al cambio de vibraci\u00f3n o choque fuerte, el valor de concentraci\u00f3n de gas puede cambiar repentinamente. Por lo tanto, \u00faselo despu\u00e9s del valor de concentraci\u00f3n de gas es estable.<\/li><li>Dado que el valor de alarma est\u00e1 puesto seg\u00fan est\u00e1ndares internacionales, cambios de valor de alarma debe ser hecho por la persona autorizada.<\/li><li>Si el dispositivo no funciona o tiene duda el defecto mec\u00e1nico, por favor llame a +82 70-8804-3982.<\/li><\/ul><div>\u00a0<\/div><p><strong>\u00a0<span style=\"color: #ff0000;\"> \u25c6 Precauci\u00f3n<\/span><\/strong><\/p><ul><li>Antes de utilizar este producto, lea atentamente estas instrucciones de uso y las de los productos asociados.<\/li><li>Este producto es un detector de gas, no un dispositivo de medici\u00f3n de gas de precisi\u00f3n.<\/li><li>Si calibraci\u00f3n falla continuamente, suspenda su uso y comun\u00edquese con el fabricante.<\/li><li>Para garantizar la precisi\u00f3n de su detector de gas, recomendamos calibrar el gas al menos una vez cada 180 d\u00edas.<\/li><li>El dispositivo debe limpiarse con un pa\u00f1o suave, y no se deben utilizar productos qu\u00edmicos para limpiarlo.<\/li><li>El Modo STEALTH bloquea por fuerza la se\u00f1al de alarma, lo que dificulta que los usuarios reconozcan la alarma, por lo que se requiere precauci\u00f3n al usarlo.<\/li><\/ul><div>\u00a0<\/div><div><strong><span style=\"color: #ff0000;\">\u25c6 Desecho<\/span><\/strong><\/div><div>\u00a0<\/div><p>\u00a0 Este s\u00edmbolo indica que este pr<img loading=\"lazy\" decoding=\"async\" class=\"wp-image-6809 alignleft\" src=\"https:\/\/gdi-solution.com\/wp-content\/uploads\/2024\/01\/\uc2a4\ud06c\ub9b0\uc0f7-2023-11-08-161311-213x300.png\" alt=\"\" width=\"35\" height=\"49\" \/>oducto no debe desecharse como residuo sin clasificar, sino que debe enviarse a instalaciones de recolecci\u00f3n<\/p><p>\u00a0 separada para su recuperaci\u00f3n y reciclaje. Deseche este producto de acuerdo con las regulaciones locales.<\/p><p>\u00a0<\/p><p><strong>2. Descripci\u00f3n general del producto<\/strong><\/p><p>GDI Solution BELLMINI\u2122 es un detector port\u00e1til de un solo gas que prot\u00e9g\u00e9 la seguridad de los usuarios activando LED de alto Brillo, zumbadores y alarmas vibratorias cuando se exponent a deficiencia de ox\u00edgeno o gases t\u00f3xicos. Existe la opci\u00f3n de sellectionar uno de los 16 sensores de gas, incluidos sensors de O<sub>2<\/sub>, CO, H<sub>2<\/sub>S, H<sub>2<\/sub>, NH<sub>3<\/sub>, Cl<sub>2<\/sub>, SO<sub>2<\/sub> y PH<sub>3<\/sub>. Una pantalla LCD m\u00e1s amplia y clara (1,6\u201d) muestra el valor medido en tiempo real.<\/p><p>El BELLMINI\u2122 dise\u00f1ado de bajo consume de energ\u00eda proporciona m\u00e1s de 2 a\u00f1os de funcionamiento sin reemplazo de bater\u00eda. Y garantiza de manera rentable durabilidad y confiabilidad (Condici\u00f3n de uso: 8 horas de uso al d\u00eda, alarma activada en 5 minutos, BLE apagado). Para comodidad del usuario o administrador, la aplicaci\u00f3n BELLCONNECT\u2122 les permite cambiar su configuraci\u00f3n, realizar calibraci\u00f3n o administrar f\u00e1cilmente los datos almacenados. El est\u00e1ndar integrado de comunicaci\u00f3n NFC y BLE hace que las conexiones inal\u00e1mbricas entre detectors y dispositivos port\u00e1tiles sean m\u00e1s r\u00e1pidas y sencillas.<\/p><p>\u00a0<\/p><p><strong>3. Lista de componentes del paquete<\/strong><\/p><p>Detector, Tapa de calibraci\u00f3n de gas, Gu\u00eda de inicio r\u00e1pido<\/p><p>\u00a0<\/p><p><strong>4. Apariencia del dispositivo<\/strong><\/p><p><strong><img loading=\"lazy\" decoding=\"async\" class=\"alignnone size-medium wp-image-6876\" src=\"https:\/\/gdi-solution.com\/wp-content\/uploads\/2024\/01\/\uc2a4\ud06c\ub9b0\uc0f7-2024-01-29-173503-300x219.png\" alt=\"\" width=\"300\" height=\"219\" \/> <img loading=\"lazy\" decoding=\"async\" class=\"alignnone wp-image-6877\" src=\"https:\/\/gdi-solution.com\/wp-content\/uploads\/2024\/01\/\uc2a4\ud06c\ub9b0\uc0f7-2024-01-29-173519.png\" alt=\"\" width=\"400\" height=\"187\" \/><\/strong><\/p><p>\u00a0<\/p><p><strong>5. Vista general de la pantalla LCD<\/strong><\/p><p><img loading=\"lazy\" decoding=\"async\" class=\"alignnone size-medium wp-image-6813\" src=\"https:\/\/gdi-solution.com\/wp-content\/uploads\/2024\/01\/\uc2a4\ud06c\ub9b0\uc0f7-2023-09-21-094448-300x177.png\" alt=\"\" width=\"300\" height=\"177\" \/><\/p><p class=\"MsoNormal\"><b><span lang=\"EN-US\">&lt;Funci\u00f3n de icono<\/span><\/b><b><span lang=\"EN-US\">&gt;<\/span><\/b><\/p><ol><li><span lang=\"EN-US\" style=\"text-indent: -18pt;\">Estado Bluetooth (<\/span><img loading=\"lazy\" decoding=\"async\" class=\"alignnone wp-image-6814\" style=\"text-indent: -18pt;\" src=\"https:\/\/gdi-solution.com\/wp-content\/uploads\/2024\/01\/\uadf8\ub9bc1.jpg\" alt=\"\" width=\"23\" height=\"23\" \/><span style=\"text-indent: -18pt;\">: Desconectado<\/span><span lang=\"EN-US\" style=\"text-indent: -18pt;\">\u00a0\u00a0<\/span><img loading=\"lazy\" decoding=\"async\" class=\"alignnone wp-image-6815\" style=\"text-indent: -18pt;\" src=\"https:\/\/gdi-solution.com\/wp-content\/uploads\/2024\/01\/\uadf8\ub9bc2.jpg\" alt=\"\" width=\"18\" height=\"22\" \/><span lang=\"EN-US\" style=\"text-indent: -18pt;\">: Conectado<\/span><span lang=\"EN-US\" style=\"text-indent: -18pt;\">)<\/span><\/li><li>Modo normal<\/li><li>S\u00edmbolo de error<\/li><li>Advertencia (Cuando el intervalo de calibraci\u00f3n ha pasado o la \u00faltima calibraci\u00f3n fall\u00f3)<\/li><li>TWA\/STEL (TWA:<img loading=\"lazy\" decoding=\"async\" class=\"alignnone size-full wp-image-6816\" style=\"text-indent: -18pt;\" src=\"https:\/\/gdi-solution.com\/wp-content\/uploads\/2024\/01\/\uadf8\ub9bc3.jpg\" alt=\"\" width=\"18\" height=\"16\" \/><span style=\"text-indent: -18pt;\">, <\/span><span style=\"text-indent: -18pt;\">STEL: <\/span><img loading=\"lazy\" decoding=\"async\" class=\"alignnone wp-image-6817\" style=\"text-indent: -18pt;\" src=\"https:\/\/gdi-solution.com\/wp-content\/uploads\/2024\/01\/\uadf8\ub9bc4.jpg\" alt=\"\" width=\"20\" height=\"19\" \/><span style=\"text-indent: -18pt;\">)<\/span><\/li><li>Calibraci\u00f3n a cero (aire fresco)<\/li><li>Calibraci\u00f3n de rango<\/li><li>Unidades de medida<\/li><li>Estado de bater\u00eda<\/li><li>Alarma Baja\/Alta (Alarma primaria o Alarma baja<span lang=\"EN-US\" style=\"text-indent: -18pt;\">: <img loading=\"lazy\" decoding=\"async\" class=\"alignnone size-full wp-image-6818\" src=\"https:\/\/gdi-solution.com\/wp-content\/uploads\/2024\/01\/\uadf8\ub9bc5.jpg\" alt=\"\" width=\"15\" height=\"14\" \/><\/span><span lang=\"EN-US\" style=\"text-indent: -18pt;\">, Alarma secundaria o Alarma alta<\/span><span lang=\"EN-US\" style=\"text-indent: -18pt;\">:<img loading=\"lazy\" decoding=\"async\" class=\"alignnone size-full wp-image-6819\" src=\"https:\/\/gdi-solution.com\/wp-content\/uploads\/2024\/01\/\uadf8\ub9bc6.jpg\" alt=\"\" width=\"14\" height=\"14\" \/> <\/span><span lang=\"EN-US\" style=\"text-indent: -18pt;\">)<\/span><\/li><li>Informaci\u00f3n (Tipo de gas, Bater\u00eda baja, Alarma, etc.)<\/li><li>Valor de medici\u00f3n<\/li><\/ol><div>\u00a0<\/div><div>\u00a0<\/div><p><strong>6. BELLMINI\u2122 Encendido\/Apagado<\/strong><\/p><p>1) Encienda el detector en un lugar seguro sin gases nocivos en el aire.<\/p><p>2) Mantenga presionado el bot\u00f3n de encendido durante 3 segundos para encender el BELLMINI\u2122.<\/p><p>3) Aparecer\u00e1 el logo de la empresa.<\/p><p>4) Despu\u00e9s de la auto prueba, BELLMINI\u2122 se enciende.<\/p><p>*Nota: Puede producirse un calentamiento dependiendo de la estabilizaci\u00f3n del sensor. (El tiempo de calentamiento puede variar para cada sensor.)<\/p><p>5) Al apagar, mantenga presionado el bot\u00f3n durante 3 segundos.<\/p><p>\u00a0<\/p><p><strong>7. Funciones de bot\u00f3n<\/strong><\/p><p><strong><img loading=\"lazy\" decoding=\"async\" class=\"alignnone wp-image-6890 size-full\" src=\"https:\/\/gdi-solution.com\/wp-content\/uploads\/2024\/01\/\uc2a4\ud06c\ub9b0\uc0f7-2024-01-30-091230.png\" alt=\"\" width=\"750\" height=\"739\" \/><\/strong><\/p><p>\u00a0<\/p><p><b>8. Bater\u00eda<\/b><\/p><p>1) Tensi\u00f3n Nominal<\/p><p>A. Voltaje Nominal: 3.6V<\/p><p>B. Voltaje m\u00e1ximo: 3.9V<\/p><p>2) Reemplazo de bater\u00eda<\/p><p>La bater\u00eda est\u00e1 dise\u00f1ada para ser reemplazable; sin embargo, abrirlo puede comprometer la estructura intr\u00ednsecamente segura, haci\u00e9ndola no a prueba de explosiones. En caso de reemplazo de la bater\u00eda, es esencial comunicarse con un centro de servicio autorizado para garantizar la integridad del dise\u00f1o intr\u00ednsecamente seguro.<\/p><p>3) Battery Warning Sign<\/p><p>A. ADVERTENCIA &#8211; NO ABRE CUANDO HAYA UNA ATM\u00d3SFERA EXPLOSIVA<\/p><p>B. ADVERTENCIA &#8211; PELIGRO POTENCIAL DE CARGA ELECTROST\u00c1TICA<\/p><p>\u00a0<\/p><p><strong>9. Calibraci\u00f3n de rango\/Prueba funcional\/Calibraci\u00f3n a cero<\/strong><\/p><p>1) Para la Calibraci\u00f3n de rango, presione el bot\u00f3n de encendido del BELLMINI durante 9 segundos. (Salga por 3 segundos, presione 6 segundos m\u00e1s sin soltar para ingresar a la calibraci\u00f3n de rango-excluyendo el sensor de O2)<\/p><p>2) Haga doble clic para ingresar a la calibraci\u00f3n autom\u00e1tica de cero.<\/p><p>3) Si se supera la calibraci\u00f3n autom\u00e1tica de cero, se mostrar\u00e1 Span APPL en la pantalla.<\/p><p>4) Si muestra Span APPL en la pantalla, coloque la tapa de calibraci\u00f3n en el sensor e inyecte el gas a medir usando un regulador de flujo. (300cc\/min)<\/p><p>5) Una vez finalizada la calibraci\u00f3n de rango, cambia autom\u00e1ticamente al modo de medici\u00f3n.<\/p><p>6) Para la prueba functional, ingrese Calibraci\u00f3n de rango y haga clic una vez.<\/p><p>7) Haga doble clic para ejecutar la prueba funcional y mostrar\u00e1 bump APPL en la pantalla.<\/p><p>8) Coloque la tapa de calibraci\u00f3n en el sensor e inyecte el gas a medir utilizando un regulador de flujo (300cc\/min)<\/p><p>9) 4 segundos despu\u00e9s de que aparezca la pantalla bump APPL, se procesar\u00e1 la prueba funcional.<\/p><p>10) Una vez finalizada la prueba funcional, cambia autom\u00e1ticamente al modo de medici\u00f3n.<\/p><p>11) Haga doble clic en la pantalla principal y luego haga clic una vez para ingresar a la calibraci\u00f3n cero. La calibraci\u00f3n cero debe realizarse en aire limpio con 20,9% de ox\u00edgeno.<\/p><p>12) Haga doble clic para ejecutar la calibraci\u00f3n cero.<\/p><p>13) Si finaliza la calibraci\u00f3n cero, cambia autom\u00e1ticamente al modo de medici\u00f3n.<\/p><p>*Nota: Si la calibraci\u00f3n falla, int\u00e9ntelo de nuevo. Si la calibraci\u00f3n contin\u00faa fallando, apague el detector y comun\u00edquese con el fabricante.<\/p><p><img loading=\"lazy\" decoding=\"async\" class=\"alignnone wp-image-6898 size-full\" src=\"https:\/\/gdi-solution.com\/wp-content\/uploads\/2024\/01\/\uc2a4\ud06c\ub9b0\uc0f7-2024-01-30-094141.png\" alt=\"\" width=\"768\" height=\"427\" \/><\/p><p>\u00a0<\/p><p><strong>10. Conexi\u00f3n de Aplicaci\u00f3n BELLCONNECT\u2122 (NFC\/Bluetooth)<\/strong><\/p><p>1) Instala la aplicaci\u00f3n BELLCONNECT\u2122.<\/p><p>*En caso de que no tenga la aplicaci\u00f3n BELLCONNECT\u2122, el etiquetado NFC lo llevar\u00e1 a Play Store para descargarla o puede usar el QR de descarga a continuaci\u00f3n. (El etiquetado NFC no est\u00e1 disponible para iPhone.)<\/p><p>2) Para conexi\u00f3n NFC &#8211; la aplicaci\u00f3n se activa cuando etiqueta su tel\u00e9fono inteligente con un dispositivo NFC en la parte posterior donde se encuentra la etiqueta del producto. (El etiquetado NFC no est\u00e1 disponible para iPhone.)\u00a0<\/p><p>3) Si etiqueta el dispositivo NFC una vez m\u00e1s, la aplicaci\u00f3n y el detector se vincular\u00e1n.<\/p><p>4) Para conexi\u00f3n Bluetooth: permita Bluetooth y otros permisos.<\/p><p>5) Escanee Bluetooth y seleccione el dispositivo al que desea conectarse.<\/p><p><img loading=\"lazy\" decoding=\"async\" class=\"alignnone size-medium wp-image-6846\" src=\"https:\/\/gdi-solution.com\/wp-content\/uploads\/2024\/01\/BellConnectQR_Google\uc218\uc815-300x300.png\" alt=\"\" width=\"300\" height=\"300\" \/><\/p><p>\u00a0 \u00a0 \u00a0 \u00a0 \u00a0 \u00a0 \u00a0 \u00a0 \u00a0 \u00a0 \u00a0 \u00a0 \u00a0 \u00a0 Android<\/p><p><img loading=\"lazy\" decoding=\"async\" class=\"alignnone size-medium wp-image-6847\" src=\"https:\/\/gdi-solution.com\/wp-content\/uploads\/2024\/01\/BellConnectQR_AppStore\uc218\uc815-300x300.png\" alt=\"\" width=\"300\" height=\"300\" \/><\/p><p>\u00a0 \u00a0 \u00a0 \u00a0 \u00a0 \u00a0 \u00a0 \u00a0 \u00a0 \u00a0 \u00a0 \u00a0 \u00a0 \u00a0 \u00a0 \u00a0 \u00a0iOS<\/p><p>\u00a0<\/p><p><strong>11. Puntos de ajuste de alarma<\/strong><\/p><p><img loading=\"lazy\" decoding=\"async\" class=\"alignnone size-full wp-image-645\" src=\"http:\/\/staryj255.mycafe24.com\/wp-content\/uploads\/2024\/08\/\uc2a4\ud06c\ub9b0\uc0f7-2024-08-29-105801.png\" alt=\"\" width=\"608\" height=\"556\" srcset=\"https:\/\/staryj255.mycafe24.com\/wp-content\/uploads\/2024\/08\/\uc2a4\ud06c\ub9b0\uc0f7-2024-08-29-105801.png 608w, https:\/\/staryj255.mycafe24.com\/wp-content\/uploads\/2024\/08\/\uc2a4\ud06c\ub9b0\uc0f7-2024-08-29-105801-300x274.png 300w\" sizes=\"(max-width: 608px) 100vw, 608px\" \/><\/p><p>\u00a0<\/p><p><strong>12. Especificaciones de BELLMINI\u2122\u00a0<\/strong><\/p><p><img loading=\"lazy\" decoding=\"async\" class=\"alignnone size-full wp-image-646\" src=\"http:\/\/staryj255.mycafe24.com\/wp-content\/uploads\/2024\/08\/\uc2a4\ud06c\ub9b0\uc0f7-2024-08-29-111024.png\" alt=\"\" width=\"572\" height=\"812\" srcset=\"https:\/\/staryj255.mycafe24.com\/wp-content\/uploads\/2024\/08\/\uc2a4\ud06c\ub9b0\uc0f7-2024-08-29-111024.png 572w, https:\/\/staryj255.mycafe24.com\/wp-content\/uploads\/2024\/08\/\uc2a4\ud06c\ub9b0\uc0f7-2024-08-29-111024-211x300.png 211w\" sizes=\"(max-width: 572px) 100vw, 572px\" \/><\/p><p>\u00a0<\/p><p><strong>13. Garant\u00eda<\/strong><\/p><p>Esta pol\u00edtica de garant\u00eda y reparaci\u00f3n se aplica durante dos a\u00f1os desde el momento de la compra del producto. Durante este per\u00edodo, podr\u00e1 recibir servicio gratuito de reparaci\u00f3n o reemplazo por problemas causados por defectos del producto o defectos de fabricaci\u00f3n. Sin embargo, debe cumplir con las condiciones siguientes.<\/p><ol><li>Cobertura: La garant\u00eda se aplica \u00fanicamente a defectos o defectos resultants del proceso de fabricaci\u00f3n o de partes del producto. Los da\u00f1os causados por negligencia del usuario o mal funcionamiento debido a un uso excesivo podr\u00e1n quedar excluidos de la garant\u00eda.<\/li><li>Reparaci\u00f3n dentro del per\u00edodo de garant\u00eda: Los problemas que ocurren dentro del per\u00edodo de garant\u00eda del producto ser\u00e1n reparados o reemplazados sin cargo. (Excluyendo sensores)<\/li><li>Reparaciones despu\u00e9s del per\u00edodo de garant\u00eda: Es posible que se requieran reparaciones pagadas para problemas que ocurran despu\u00e9s del per\u00edodo de garant\u00eda. En este caso, comun\u00edquese con el centro de servicio o el fabricante para obtener informaci\u00f3n detallada sobre los costos de reparaci\u00f3n.<\/li><li>Exclusiones de la garant\u00eda: Es posible que la garant\u00eda no se aplique bajo algunas condiciones espec\u00edficas. Estas condiciones pueden incluir da\u00f1os causados por negligencia del usuario, uso anormal, suministro de energ\u00eda deficiente, desmontaje o modificaci\u00f3n no autorizados, etc. Adem\u00e1s, la garant\u00eda no es v\u00e1lida para los mismos s\u00edntomas dentro de los 3 meses posteriores a recibir la reparaci\u00f3n por el mismo problema.<\/li><li>Procedimientos de reparaci\u00f3n y reemplazo: Si el producto requiere reparaci\u00f3n o reemplazo, comun\u00edquese con el centro de servicio oficial del fabricante para recibir instrucciones sobre los procedimientos. Puede recibir un servicio fluido proporcionando los documentos y la informaci\u00f3n necesarios.<\/li><li>Precauciones: Al utilizar el producto, debe seguir estrictamente las instrucciones del fabricante y realizar el mantenimiento de manera constante para hacer todo lo posible para mantener la vida \u00fatil y el rendimiento del producto.<\/li><\/ol><p>\u00a0<\/p><p><strong>14. Certificaciones<\/strong><\/p><p>Las marcas de certificaci\u00f3n y los n\u00fameros de certificado se enumeran en la siguiente tabla.<\/p><ul><li>ATEX : <img loading=\"lazy\" decoding=\"async\" class=\"alignnone wp-image-6850\" src=\"https:\/\/gdi-solution.com\/wp-content\/uploads\/2024\/01\/EX-logo.png\" alt=\"\" width=\"31\" height=\"27\" \/>\u00a0II 1G Ex ia IIC T4 Ga<\/li><li>IECEx : Ex ia IIC T4 Ga<\/li><li>FCC<\/li><li>KCs : Ex ia IIC T4<\/li><li>RoHS 3 Compliant<\/li><\/ul><p>\u00a0<\/p><p><strong>15. Contactos<\/strong><\/p><p>Si tiene alg\u00fan problema con nuestros productos, comun\u00edquese con nosotros con la informaci\u00f3n de contacto a continuaci\u00f3n.<\/p><p>1) Direcci\u00f3n: 1014-1016, Desian Plex, 424, Yangcheon-ro, Gangseo-gu, Se\u00fal, Rep\u00fablica de Corea<\/p><p>2) Tel\u00e9fono: +82 70-8804-3982<\/p><p>3) Fax: +82 2-2638-5578<\/p><p>4) Sitio web: <a href=\"https:\/\/gdi-solution.com\">https:\/\/gdi-solution.com<\/a><\/p><p>5) Correo: <a href=\"mailto:service@gdi-solution.com\">service@gdi-solution.com<\/a><\/p>\t\t\t\t\t\t<\/div>\n\t\t\t\t<\/div>\n\t\t\t\t\t<\/div>\n\t\t<\/div>\n\t\t\t\t\t\t\t<\/div>\n\t\t<\/section>\n\t\t\t\t\t\t\t<\/div>\n\t\t","protected":false},"excerpt":{"rendered":"<p>\u00a0 BELLMINI\u2122 MANUAL DE INSTRUCCIONES Contenidos de manual de instrucciones Advertencia\/Precauci\u00f3n\/Desecho (Lea antes de uar el producto) Descripci\u00f3n general del producto Lista de componentes del paquete Apariencia del dispositivo Vista general de la pantalla LCD BELLMINI\u2122 ENCENDIDO\/APAGADO Funciones de los botones Bater\u00eda Calibraci\u00f3n a cero\/Prueba Funcional\/Calibraci\u00f3n de rango Conexi\u00f3n de la aplicaci\u00f3n BELLCONNECT\u2122 (NFC\/Bluetooth) Puntos [&hellip;]<\/p>\n","protected":false},"author":1,"featured_media":0,"parent":0,"menu_order":0,"comment_status":"closed","ping_status":"closed","template":"elementor_header_footer","meta":{"footnotes":""},"class_list":["post-579","page","type-page","status-publish","hentry"],"_links":{"self":[{"href":"https:\/\/staryj255.mycafe24.com\/index.php?rest_route=\/wp\/v2\/pages\/579"}],"collection":[{"href":"https:\/\/staryj255.mycafe24.com\/index.php?rest_route=\/wp\/v2\/pages"}],"about":[{"href":"https:\/\/staryj255.mycafe24.com\/index.php?rest_route=\/wp\/v2\/types\/page"}],"author":[{"embeddable":true,"href":"https:\/\/staryj255.mycafe24.com\/index.php?rest_route=\/wp\/v2\/users\/1"}],"replies":[{"embeddable":true,"href":"https:\/\/staryj255.mycafe24.com\/index.php?rest_route=%2Fwp%2Fv2%2Fcomments&post=579"}],"version-history":[{"count":19,"href":"https:\/\/staryj255.mycafe24.com\/index.php?rest_route=\/wp\/v2\/pages\/579\/revisions"}],"predecessor-version":[{"id":649,"href":"https:\/\/staryj255.mycafe24.com\/index.php?rest_route=\/wp\/v2\/pages\/579\/revisions\/649"}],"wp:attachment":[{"href":"https:\/\/staryj255.mycafe24.com\/index.php?rest_route=%2Fwp%2Fv2%2Fmedia&parent=579"}],"curies":[{"name":"wp","href":"https:\/\/api.w.org\/{rel}","templated":true}]}}